{"id":100,"date":"2022-10-16T12:16:27","date_gmt":"2022-10-16T10:16:27","guid":{"rendered":"https:\/\/ampenergysolutions.de\/?page_id=2"},"modified":"2025-12-10T11:47:49","modified_gmt":"2025-12-10T10:47:49","slug":"home","status":"publish","type":"page","link":"https:\/\/ampenergysolutions.de\/en\/","title":{"rendered":"AMP Energy Solutions"},"content":{"rendered":"<p>[et_pb_section fb_built=&#8220;1&#8243; _builder_version=&#8220;4.27.4&#8243; _module_preset=&#8220;default&#8220; background_color=&#8220;#C1D8CE&#8220; custom_padding=&#8220;80px||100px||false|false&#8220; custom_padding_phone=&#8220;40px||60px||false|false&#8220; top_divider_color=&#8220;#E0ECE7&#8243; top_divider_height_tablet=&#8220;&#8220; top_divider_height_phone=&#8220;&#8220; top_divider_height_last_edited=&#8220;on|tablet&#8220; bottom_divider_style=&#8220;arrow2&#8243; bottom_divider_color=&#8220;#ECF3F0&#8243; global_colors_info=&#8220;{}&#8220;][et_pb_row column_structure=&#8220;1_2,1_2&#8243; make_equal=&#8220;on&#8220; _builder_version=&#8220;4.27.4&#8243; _module_preset=&#8220;default&#8220; global_colors_info=&#8220;{}&#8220;][et_pb_column type=&#8220;1_2&#8243; _builder_version=&#8220;4.27.4&#8243; _module_preset=&#8220;default&#8220; global_colors_info=&#8220;{}&#8220;][et_pb_image src=&#8220;https:\/\/ampenergysolutions.de\/wp-content\/uploads\/2025\/07\/amp-engery-solutions-1.jpeg&#8220; title_text=&#8220;amp-engery-solutions-1&#8243; align=&#8220;center&#8220; _builder_version=&#8220;4.27.4&#8243; _module_preset=&#8220;default&#8220; global_colors_info=&#8220;{}&#8220;][\/et_pb_image][\/et_pb_column][et_pb_column type=&#8220;1_2&#8243; _builder_version=&#8220;4.27.4&#8243; _module_preset=&#8220;default&#8220; custom_css_main_element=&#8220;margin:auto;&#8220; global_colors_info=&#8220;{}&#8220;][et_pb_text _builder_version=&#8220;4.27.5&#8243; _module_preset=&#8220;default&#8220; header_font_size=&#8220;40px&#8220; hover_enabled=&#8220;0&#8243; global_colors_info=&#8220;{}&#8220; header_font=&#8220;|||on|||||&#8220; sticky_enabled=&#8220;0&#8243;]<\/p>\n<h1 style=\"text-align: left;\">Kompetente Energie\u00ad\u00adl\u00f6sungen aus einer Hand<\/h1>\n<p>[\/et_pb_text][et_pb_blurb title=&#8220;Netzanschlussplanung&#8220; use_icon=&#8220;on&#8220; font_icon=&#8220;&#xe052;||divi||400&#8243; icon_color=&#8220;#006A44&#8243; icon_placement=&#8220;left&#8220; content_max_width=&#8220;100%&#8220; _builder_version=&#8220;4.27.4&#8243; _module_preset=&#8220;default&#8220; custom_margin=&#8220;||10px||false|false&#8220; global_colors_info=&#8220;{}&#8220;][\/et_pb_blurb][et_pb_blurb title=&#8220;Schaltanlagentechnik&#8220; use_icon=&#8220;on&#8220; font_icon=&#8220;&#xe052;||divi||400&#8243; icon_color=&#8220;#006A44&#8243; icon_placement=&#8220;left&#8220; content_max_width=&#8220;100%&#8220; _builder_version=&#8220;4.27.4&#8243; _module_preset=&#8220;default&#8220; custom_margin=&#8220;||10px||false|false&#8220; global_colors_info=&#8220;{}&#8220;][\/et_pb_blurb][et_pb_blurb title=&#8220;Energieinfrastruktur&#8220; use_icon=&#8220;on&#8220; font_icon=&#8220;&#xe052;||divi||400&#8243; icon_color=&#8220;#006A44&#8243; icon_placement=&#8220;left&#8220; content_max_width=&#8220;100%&#8220; _builder_version=&#8220;4.27.4&#8243; _module_preset=&#8220;default&#8220; custom_margin=&#8220;||10px||false|false&#8220; global_colors_info=&#8220;{}&#8220;][\/et_pb_blurb][\/et_pb_column][\/et_pb_row][\/et_pb_section][et_pb_section fb_built=&#8220;1&#8243; _builder_version=&#8220;4.27.4&#8243; _module_preset=&#8220;default&#8220; global_colors_info=&#8220;{}&#8220;][et_pb_row _builder_version=&#8220;4.27.4&#8243; _module_preset=&#8220;default&#8220; global_colors_info=&#8220;{}&#8220;][et_pb_column type=&#8220;4_4&#8243; _builder_version=&#8220;4.27.4&#8243; _module_preset=&#8220;default&#8220; global_colors_info=&#8220;{}&#8220;][et_pb_text _builder_version=&#8220;4.27.4&#8243; _module_preset=&#8220;default&#8220; text_font=&#8220;||||||||&#8220; width=&#8220;80%&#8220; max_width=&#8220;80%&#8220; module_alignment=&#8220;center&#8220; global_colors_info=&#8220;{}&#8220;]<\/p>\n<p style=\"text-align: center;\">Mit \u00fcber 39 Jahren Erfahrung im Energiesektor sind wir Ihr zuverl\u00e4ssiger Partner f\u00fcr komplexe Netzanschlussprojekte und energietechnische Infrastrukturen.<\/p>\n<p style=\"text-align: center;\">Von der ersten Machbarkeitsstudie bis zur schl\u00fcsselfertigen Inbetriebnahme \u2013 wir begleiten Sie durch alle Projektphasen mit fundiertem Know-how und praxiserprobten L\u00f6sungen.<\/p>\n<p>[\/et_pb_text][et_pb_button button_url=&#8220;https:\/\/ampenergysolutions.de\/ueber-uns\/&#8220; button_text=&#8220;Mehr \u00fcber uns&#8220; button_alignment=&#8220;center&#8220; _builder_version=&#8220;4.27.4&#8243; _module_preset=&#8220;default&#8220; global_colors_info=&#8220;{}&#8220;][\/et_pb_button][\/et_pb_column][\/et_pb_row][\/et_pb_section][et_pb_section fb_built=&#8220;1&#8243; _builder_version=&#8220;4.27.4&#8243; _module_preset=&#8220;default&#8220; custom_padding=&#8220;60px||80px||false|false&#8220; global_colors_info=&#8220;{}&#8220;][et_pb_row _builder_version=&#8220;4.27.4&#8243; _module_preset=&#8220;default&#8220; custom_margin=&#8220;||40px||false|false&#8220; locked=&#8220;off&#8220; global_colors_info=&#8220;{}&#8220;][et_pb_column type=&#8220;4_4&#8243; _builder_version=&#8220;4.27.4&#8243; _module_preset=&#8220;default&#8220; global_colors_info=&#8220;{}&#8220;][et_pb_text _builder_version=&#8220;4.27.5&#8243; _module_preset=&#8220;default&#8220; global_colors_info=&#8220;{}&#8220;]<\/p>\n<h2 style=\"text-align: center;\">Kern\u00adkompetenzen<\/h2>\n<p>[\/et_pb_text][\/et_pb_column][\/et_pb_row][et_pb_row column_structure=&#8220;1_3,1_3,1_3&#8243; use_custom_gutter=&#8220;on&#8220; gutter_width=&#8220;1&#8243; make_equal=&#8220;on&#8220; _builder_version=&#8220;4.27.4&#8243; _module_preset=&#8220;default&#8220; background_enable_color=&#8220;off&#8220; max_width=&#8220;1366px&#8220; custom_margin=&#8220;||30px||false|false&#8220; custom_padding=&#8220;0px|0px|0px|0px|false|false&#8220; locked=&#8220;off&#8220; global_colors_info=&#8220;{}&#8220;][et_pb_column type=&#8220;1_3&#8243; _builder_version=&#8220;4.27.4&#8243; _module_preset=&#8220;default&#8220; global_colors_info=&#8220;{}&#8220;][et_pb_text _builder_version=&#8220;4.27.5&#8243; _module_preset=&#8220;default&#8220; background_color=&#8220;#E0ECE7&#8243; min_height=&#8220;100%&#8220; custom_padding=&#8220;40px|40px|40px|40px|true|true&#8220; hover_enabled=&#8220;0&#8243; global_colors_info=&#8220;{}&#8220; sticky_enabled=&#8220;0&#8243;]<\/p>\n<h3>Netz\u00adanschluss\u00adplanung<\/h3>\n<p>Ganzheitliche Planung und Projektierung von Netzanschl\u00fcssen aller Spannungsebenen \u2013 von der Machbarkeitsstudie bis zur Schl\u00fcssel\u00fcbergabe.<\/p>\n<p>[\/et_pb_text][\/et_pb_column][et_pb_column type=&#8220;1_3&#8243; _builder_version=&#8220;4.27.4&#8243; _module_preset=&#8220;default&#8220; background_color=&#8220;#C1D8CE&#8220; global_colors_info=&#8220;{}&#8220;][et_pb_text _builder_version=&#8220;4.27.5&#8243; _module_preset=&#8220;default&#8220; min_height=&#8220;100%&#8220; custom_padding=&#8220;40px|40px|40px|40px|true|true&#8220; hover_enabled=&#8220;0&#8243; global_colors_info=&#8220;{}&#8220; sticky_enabled=&#8220;0&#8243;]<\/p>\n<h3>Schalt\u00adanlagen\u00adtechnik<\/h3>\n<p>Fachgerechte Auslegung und Integration von Schaltanlagen und Schutz- und Regelungstechnik f\u00fcr Industrie, Energieversorger und Erneuerbare-Energien-Projekte.<\/p>\n<p>[\/et_pb_text][\/et_pb_column][et_pb_column type=&#8220;1_3&#8243; _builder_version=&#8220;4.27.4&#8243; _module_preset=&#8220;default&#8220; global_colors_info=&#8220;{}&#8220;][et_pb_text _builder_version=&#8220;4.27.5&#8243; _module_preset=&#8220;default&#8220; background_color=&#8220;#E0ECE7&#8243; min_height=&#8220;100%&#8220; custom_padding=&#8220;40px|40px|40px|40px|true|true&#8220; global_colors_info=&#8220;{}&#8220;]<\/p>\n<h3>Energie&shy;beratung<\/h3>\n<p>Strategische Beratung f\u00fcr Netzbetreiber und Industrieunternehmen bei komplexen energietechnischen Fragestellungen.[\/et_pb_text][\/et_pb_column][\/et_pb_row][et_pb_row _builder_version=&#8220;4.27.4&#8243; _module_preset=&#8220;default&#8220; global_colors_info=&#8220;{}&#8220;][et_pb_column type=&#8220;4_4&#8243; _builder_version=&#8220;4.27.4&#8243; _module_preset=&#8220;default&#8220; global_colors_info=&#8220;{}&#8220;][et_pb_button button_url=&#8220;https:\/\/ampenergysolutions.de\/netzanschlussplanung\/&#8220; button_text=&#8220;Netzanschlussplanung&#8220; button_alignment=&#8220;center&#8220; _builder_version=&#8220;4.27.4&#8243; _module_preset=&#8220;default&#8220; global_colors_info=&#8220;{}&#8220;][\/et_pb_button][\/et_pb_column][\/et_pb_row][\/et_pb_section][et_pb_section fb_built=&#8220;1&#8243; _builder_version=&#8220;4.27.4&#8243; _module_preset=&#8220;default&#8220; background_color=&#8220;#C1D8CE&#8220; locked=&#8220;off&#8220; global_colors_info=&#8220;{}&#8220;][et_pb_row _builder_version=&#8220;4.27.4&#8243; _module_preset=&#8220;default&#8220; locked=&#8220;off&#8220; global_colors_info=&#8220;{}&#8220;][et_pb_column type=&#8220;4_4&#8243; _builder_version=&#8220;4.27.4&#8243; _module_preset=&#8220;default&#8220; global_colors_info=&#8220;{}&#8220;][et_pb_text _builder_version=&#8220;4.27.4&#8243; _module_preset=&#8220;default&#8220; global_colors_info=&#8220;{}&#8220;]<\/p>\n<h2>BESS-Integration &amp; netzdienliche Flexibilit\u00e4t<\/h2>\n<p>Professionelle Bewertung von Speichersystemen bei H\u00fcllkurven-Management, Gradientenbeschr\u00e4nkungen und variablen Leistungsgrenzen \u2013 Wirtschaftlichkeit maximieren und Netzanschlusskosten um bis zu 40% senken<\/p>\n<p>[\/et_pb_text][et_pb_button button_url=&#8220;https:\/\/ampenergysolutions.de\/projektbewertung-bess\/&#8220; button_text=&#8220;mehr erfahren&#8220; _builder_version=&#8220;4.27.4&#8243; _module_preset=&#8220;default&#8220; global_colors_info=&#8220;{}&#8220;][\/et_pb_button][\/et_pb_column][\/et_pb_row][\/et_pb_section][et_pb_section fb_built=&#8220;1&#8243; _builder_version=&#8220;4.27.4&#8243; _module_preset=&#8220;default&#8220; background_color=&#8220;#ECF3F0&#8243; global_colors_info=&#8220;{}&#8220;][et_pb_row column_structure=&#8220;1_4,1_4,1_4,1_4&#8243; use_custom_gutter=&#8220;on&#8220; gutter_width=&#8220;2&#8243; _builder_version=&#8220;4.27.4&#8243; _module_preset=&#8220;default&#8220; width=&#8220;95%&#8220; max_width=&#8220;1920px&#8220; module_alignment=&#8220;center&#8220; global_colors_info=&#8220;{}&#8220;][et_pb_column type=&#8220;1_4&#8243; _builder_version=&#8220;4.27.4&#8243; _module_preset=&#8220;default&#8220; global_colors_info=&#8220;{}&#8220;][et_pb_image src=&#8220;https:\/\/ampenergysolutions.de\/wp-content\/uploads\/2025\/07\/amp-engery-solutions-5.jpeg&#8220; title_text=&#8220;amp-engery-solutions-5&#8243; _builder_version=&#8220;4.27.4&#8243; _module_preset=&#8220;default&#8220; global_colors_info=&#8220;{}&#8220;][\/et_pb_image][\/et_pb_column][et_pb_column type=&#8220;1_4&#8243; _builder_version=&#8220;4.27.4&#8243; _module_preset=&#8220;default&#8220; global_colors_info=&#8220;{}&#8220;][et_pb_image src=&#8220;https:\/\/ampenergysolutions.de\/wp-content\/uploads\/2025\/07\/amp-engery-solutions-10.jpeg&#8220; title_text=&#8220;amp-engery-solutions-10&#8243; _builder_version=&#8220;4.27.4&#8243; _module_preset=&#8220;default&#8220; global_colors_info=&#8220;{}&#8220;][\/et_pb_image][\/et_pb_column][et_pb_column type=&#8220;1_4&#8243; _builder_version=&#8220;4.27.4&#8243; _module_preset=&#8220;default&#8220; global_colors_info=&#8220;{}&#8220;][et_pb_image src=&#8220;https:\/\/ampenergysolutions.de\/wp-content\/uploads\/2025\/07\/amp-engery-solutions-3.jpeg&#8220; title_text=&#8220;amp-engery-solutions-3&#8243; _builder_version=&#8220;4.27.4&#8243; _module_preset=&#8220;default&#8220; global_colors_info=&#8220;{}&#8220;][\/et_pb_image][\/et_pb_column][et_pb_column type=&#8220;1_4&#8243; _builder_version=&#8220;4.27.4&#8243; _module_preset=&#8220;default&#8220; global_colors_info=&#8220;{}&#8220;][et_pb_image src=&#8220;https:\/\/ampenergysolutions.de\/wp-content\/uploads\/2025\/07\/amp-engery-solutions-4.jpeg&#8220; title_text=&#8220;amp-engery-solutions-4&#8243; _builder_version=&#8220;4.27.4&#8243; _module_preset=&#8220;default&#8220; global_colors_info=&#8220;{}&#8220;][\/et_pb_image][\/et_pb_column][\/et_pb_row][\/et_pb_section]<\/p>\n","protected":false},"excerpt":{"rendered":"<p>AMP Energy Solutions - your expert for grid connection planning, switchgear technology and energy infrastructure. 39 years of experience in the energy sector. Get advice now!<\/p>","protected":false},"author":2,"featured_media":375,"parent":0,"menu_order":0,"comment_status":"closed","ping_status":"closed","template":"","meta":{"_et_pb_use_builder":"on","_et_pb_old_content":"<!-- wp:paragraph -->\n<h2>DIENSTLEISTUNG AUF AUGENH\u00d6HE F\u00dcR<br \/>NETZBETREIBER, INDUSTRIE UND SIE<\/h2>\n<!-- \/wp:paragraph -->\n\n<!-- wp:list -->\n<ul>\n<li>Schulung der Mitarbeiter EVU<\/li>\n<li>Entwurf und Erarbeitung von Kursen und Symposien im Bereich E-Technik<\/li>\n<li>Beratungen im Bereich E-Technik<\/li>\n<\/ul>\n<!-- \/wp:list -->\n\n<!-- wp:paragraph -->\n<h3>Entwurf und Erarbeitung von Kursen und<br \/>Symposien im Bereich E-Technik<\/h3>\n<!-- \/wp:paragraph -->\n\n<!-- wp:heading -->\n<p><span style=\"color: #2d2d2d;\"><span style=\"font-family: Arial, serif;\">Sie haben einige neue Kolleginnen und Kollegen im Bereich der Netze und Netzf\u00fchrung.<\/span><\/span><\/p>\n<p><span style=\"color: #2d2d2d;\"><span style=\"font-family: Arial, serif;\">Aufgrund der jahrzehntelangen Erfahrung im Bereich Netzschutz, Netzleittechnik und Netzf\u00fchrung erarbeiten zielgerichtete Konzepte f\u00fcr ihre Mitarbeiter.<\/span><\/span><\/p>\n<p><span style=\"color: #2d2d2d;\"><span style=\"font-family: Arial, serif;\">Der Schwerpunkt ist die praktische Erfahrung mit dem Stichwort - <\/span><\/span><span style=\"color: #2d2d2d;\"><span style=\"font-family: Arial, serif;\"><b>live is live<\/b><\/span><\/span><span style=\"color: #2d2d2d;\"><span style=\"font-family: Arial, serif;\"> im Netz<\/span><\/span><\/p>\n<p><span style=\"color: #2d2d2d;\"><span style=\"font-family: Arial, serif;\">Nutzen auch sie die Erfahrung von \u00fcber 40 Jahren Netzbetrieb f\u00fcr Mittel- und Niederspannungsnetze.<\/span><\/span><\/p>\n<!-- \/wp:heading -->","_et_gb_content_width":"","footnotes":""},"class_list":["post-100","page","type-page","status-publish","has-post-thumbnail","hentry"],"yoast_head":"<!-- This site is optimized with the Yoast SEO plugin v27.3 - https:\/\/yoast.com\/product\/yoast-seo-wordpress\/ -->\n<title>AMP Energy Solutions | AMP ENERGY SOLUTIONS GmbH<\/title>\n<meta name=\"description\" content=\"AMP Energy Solutions - Ihr Experte f\u00fcr Netzanschlussplanung, Schaltanlagentechnik und Energieinfrastruktur. 39 Jahre Erfahrung im Energiesektor. Jetzt beraten lassen!\" \/>\n<meta name=\"robots\" content=\"index, follow, max-snippet:-1, max-image-preview:large, max-video-preview:-1\" \/>\n<link rel=\"canonical\" href=\"https:\/\/ampenergysolutions.de\/en\/\" \/>\n<meta property=\"og:locale\" content=\"en_GB\" \/>\n<meta property=\"og:type\" content=\"article\" \/>\n<meta property=\"og:title\" content=\"AMP Energy Solutions | AMP ENERGY SOLUTIONS GmbH\" \/>\n<meta property=\"og:description\" content=\"AMP Energy Solutions - Ihr Experte f\u00fcr Netzanschlussplanung, Schaltanlagentechnik und Energieinfrastruktur. 39 Jahre Erfahrung im Energiesektor. Jetzt beraten lassen!\" \/>\n<meta property=\"og:url\" content=\"https:\/\/ampenergysolutions.de\/en\/\" \/>\n<meta property=\"og:site_name\" content=\"AMP ENERGY SOLUTIONS GmbH\" \/>\n<meta property=\"article:modified_time\" content=\"2025-12-10T10:47:49+00:00\" \/>\n<meta property=\"og:image\" content=\"https:\/\/ampenergysolutions.de\/wp-content\/uploads\/2025\/07\/amp-engery-solutions-1.jpeg\" \/>\n\t<meta property=\"og:image:width\" content=\"1080\" \/>\n\t<meta property=\"og:image:height\" content=\"720\" \/>\n\t<meta property=\"og:image:type\" content=\"image\/jpeg\" \/>\n<meta name=\"twitter:card\" content=\"summary_large_image\" \/>\n<meta name=\"twitter:label1\" content=\"Estimated reading time\" \/>\n\t<meta name=\"twitter:data1\" content=\"2 minutes\" \/>\n<script type=\"application\/ld+json\" class=\"yoast-schema-graph\">{\"@context\":\"https:\\\/\\\/schema.org\",\"@graph\":[{\"@type\":\"WebPage\",\"@id\":\"https:\\\/\\\/ampenergysolutions.de\\\/\",\"url\":\"https:\\\/\\\/ampenergysolutions.de\\\/\",\"name\":\"AMP Energy Solutions | AMP ENERGY SOLUTIONS GmbH\",\"isPartOf\":{\"@id\":\"https:\\\/\\\/ampenergysolutions.de\\\/#website\"},\"primaryImageOfPage\":{\"@id\":\"https:\\\/\\\/ampenergysolutions.de\\\/#primaryimage\"},\"image\":{\"@id\":\"https:\\\/\\\/ampenergysolutions.de\\\/#primaryimage\"},\"thumbnailUrl\":\"https:\\\/\\\/ampenergysolutions.de\\\/wp-content\\\/uploads\\\/2025\\\/07\\\/amp-engery-solutions-1.jpeg\",\"datePublished\":\"2022-10-16T10:16:27+00:00\",\"dateModified\":\"2025-12-10T10:47:49+00:00\",\"description\":\"AMP Energy Solutions - Ihr Experte f\u00fcr Netzanschlussplanung, Schaltanlagentechnik und Energieinfrastruktur. 39 Jahre Erfahrung im Energiesektor. Jetzt beraten lassen!\",\"breadcrumb\":{\"@id\":\"https:\\\/\\\/ampenergysolutions.de\\\/#breadcrumb\"},\"inLanguage\":\"en-GB\",\"potentialAction\":[{\"@type\":\"ReadAction\",\"target\":[\"https:\\\/\\\/ampenergysolutions.de\\\/\"]}]},{\"@type\":\"ImageObject\",\"inLanguage\":\"en-GB\",\"@id\":\"https:\\\/\\\/ampenergysolutions.de\\\/#primaryimage\",\"url\":\"https:\\\/\\\/ampenergysolutions.de\\\/wp-content\\\/uploads\\\/2025\\\/07\\\/amp-engery-solutions-1.jpeg\",\"contentUrl\":\"https:\\\/\\\/ampenergysolutions.de\\\/wp-content\\\/uploads\\\/2025\\\/07\\\/amp-engery-solutions-1.jpeg\",\"width\":1080,\"height\":720},{\"@type\":\"BreadcrumbList\",\"@id\":\"https:\\\/\\\/ampenergysolutions.de\\\/#breadcrumb\",\"itemListElement\":[{\"@type\":\"ListItem\",\"position\":1,\"name\":\"Startseite\",\"item\":\"https:\\\/\\\/ampenergysolutions.de\\\/\"},{\"@type\":\"ListItem\",\"position\":2,\"name\":\"AMP Energy Solutions\"}]},{\"@type\":\"WebSite\",\"@id\":\"https:\\\/\\\/ampenergysolutions.de\\\/#website\",\"url\":\"https:\\\/\\\/ampenergysolutions.de\\\/\",\"name\":\"AMP ENERGY SOLUTIONS GmbH\",\"description\":\"Kompetente Energiel&ouml;sungen aus einer Hand\",\"potentialAction\":[{\"@type\":\"SearchAction\",\"target\":{\"@type\":\"EntryPoint\",\"urlTemplate\":\"https:\\\/\\\/ampenergysolutions.de\\\/?s={search_term_string}\"},\"query-input\":{\"@type\":\"PropertyValueSpecification\",\"valueRequired\":true,\"valueName\":\"search_term_string\"}}],\"inLanguage\":\"en-GB\"}]}<\/script>\n<!-- \/ Yoast SEO plugin. -->","yoast_head_json":{"title":"AMP Energy Solutions | AMP ENERGY SOLUTIONS GmbH","description":"AMP Energy Solutions - your expert for grid connection planning, switchgear technology and energy infrastructure. 39 years of experience in the energy sector. Get advice now!","robots":{"index":"index","follow":"follow","max-snippet":"max-snippet:-1","max-image-preview":"max-image-preview:large","max-video-preview":"max-video-preview:-1"},"canonical":"https:\/\/ampenergysolutions.de\/en\/","og_locale":"en_GB","og_type":"article","og_title":"AMP Energy Solutions | AMP ENERGY SOLUTIONS GmbH","og_description":"AMP Energy Solutions - Ihr Experte f\u00fcr Netzanschlussplanung, Schaltanlagentechnik und Energieinfrastruktur. 39 Jahre Erfahrung im Energiesektor. Jetzt beraten lassen!","og_url":"https:\/\/ampenergysolutions.de\/en\/","og_site_name":"AMP ENERGY SOLUTIONS GmbH","article_modified_time":"2025-12-10T10:47:49+00:00","og_image":[{"width":1080,"height":720,"url":"https:\/\/ampenergysolutions.de\/wp-content\/uploads\/2025\/07\/amp-engery-solutions-1.jpeg","type":"image\/jpeg"}],"twitter_card":"summary_large_image","twitter_misc":{"Estimated reading time":"2 minutes"},"schema":{"@context":"https:\/\/schema.org","@graph":[{"@type":"WebPage","@id":"https:\/\/ampenergysolutions.de\/","url":"https:\/\/ampenergysolutions.de\/","name":"AMP Energy Solutions | AMP ENERGY SOLUTIONS GmbH","isPartOf":{"@id":"https:\/\/ampenergysolutions.de\/#website"},"primaryImageOfPage":{"@id":"https:\/\/ampenergysolutions.de\/#primaryimage"},"image":{"@id":"https:\/\/ampenergysolutions.de\/#primaryimage"},"thumbnailUrl":"https:\/\/ampenergysolutions.de\/wp-content\/uploads\/2025\/07\/amp-engery-solutions-1.jpeg","datePublished":"2022-10-16T10:16:27+00:00","dateModified":"2025-12-10T10:47:49+00:00","description":"AMP Energy Solutions - your expert for grid connection planning, switchgear technology and energy infrastructure. 39 years of experience in the energy sector. Get advice now!","breadcrumb":{"@id":"https:\/\/ampenergysolutions.de\/#breadcrumb"},"inLanguage":"en-GB","potentialAction":[{"@type":"ReadAction","target":["https:\/\/ampenergysolutions.de\/"]}]},{"@type":"ImageObject","inLanguage":"en-GB","@id":"https:\/\/ampenergysolutions.de\/#primaryimage","url":"https:\/\/ampenergysolutions.de\/wp-content\/uploads\/2025\/07\/amp-engery-solutions-1.jpeg","contentUrl":"https:\/\/ampenergysolutions.de\/wp-content\/uploads\/2025\/07\/amp-engery-solutions-1.jpeg","width":1080,"height":720},{"@type":"BreadcrumbList","@id":"https:\/\/ampenergysolutions.de\/#breadcrumb","itemListElement":[{"@type":"ListItem","position":1,"name":"Startseite","item":"https:\/\/ampenergysolutions.de\/"},{"@type":"ListItem","position":2,"name":"AMP Energy Solutions"}]},{"@type":"WebSite","@id":"https:\/\/ampenergysolutions.de\/#website","url":"https:\/\/ampenergysolutions.de\/","name":"AMP ENERGY SOLUTIONS GmbH","description":"Expert energy solutions from a single source","potentialAction":[{"@type":"SearchAction","target":{"@type":"EntryPoint","urlTemplate":"https:\/\/ampenergysolutions.de\/?s={search_term_string}"},"query-input":{"@type":"PropertyValueSpecification","valueRequired":true,"valueName":"search_term_string"}}],"inLanguage":"en-GB"}]}},"_links":{"self":[{"href":"https:\/\/ampenergysolutions.de\/en\/wp-json\/wp\/v2\/pages\/100","targetHints":{"allow":["GET"]}}],"collection":[{"href":"https:\/\/ampenergysolutions.de\/en\/wp-json\/wp\/v2\/pages"}],"about":[{"href":"https:\/\/ampenergysolutions.de\/en\/wp-json\/wp\/v2\/types\/page"}],"author":[{"embeddable":true,"href":"https:\/\/ampenergysolutions.de\/en\/wp-json\/wp\/v2\/users\/2"}],"replies":[{"embeddable":true,"href":"https:\/\/ampenergysolutions.de\/en\/wp-json\/wp\/v2\/comments?post=100"}],"version-history":[{"count":9,"href":"https:\/\/ampenergysolutions.de\/en\/wp-json\/wp\/v2\/pages\/100\/revisions"}],"predecessor-version":[{"id":554,"href":"https:\/\/ampenergysolutions.de\/en\/wp-json\/wp\/v2\/pages\/100\/revisions\/554"}],"wp:featuredmedia":[{"embeddable":true,"href":"https:\/\/ampenergysolutions.de\/en\/wp-json\/wp\/v2\/media\/375"}],"wp:attachment":[{"href":"https:\/\/ampenergysolutions.de\/en\/wp-json\/wp\/v2\/media?parent=100"}],"curies":[{"name":"wp","href":"https:\/\/api.w.org\/{rel}","templated":true}]}}